{"id":97,"date":"2018-12-26T16:41:00","date_gmt":"2018-12-26T19:41:00","guid":{"rendered":"https:\/\/www.iafe.uba.ar\/en\/?page_id=97"},"modified":"2025-04-29T15:28:12","modified_gmt":"2025-04-29T18:28:12","slug":"biblioteca","status":"publish","type":"page","link":"https:\/\/www.iafe.uba.ar\/en\/institucional\/biblioteca\/","title":{"rendered":"Library"},"content":{"rendered":"\t\t<div data-elementor-type=\"wp-post\" data-elementor-id=\"97\" class=\"elementor elementor-97\" data-elementor-post-type=\"page\">\n\t\t\t\t<div class=\"elementor-element elementor-element-bf72127 e-flex e-con-boxed e-con e-parent\" data-id=\"bf72127\" data-element_type=\"container\" data-settings=\"{&quot;background_background&quot;:&quot;classic&quot;}\">\n\t\t\t\t\t<div class=\"e-con-inner\">\n\t\t\t\t<div class=\"elementor-element elementor-element-7c4ef39 elementor-widget elementor-widget-heading\" data-id=\"7c4ef39\" data-element_type=\"widget\" data-widget_type=\"heading.default\">\n\t\t\t\t<div class=\"elementor-widget-container\">\n\t\t\t\t\t<h1 class=\"elementor-heading-title elementor-size-default\">Library<\/h1>\t\t\t\t<\/div>\n\t\t\t\t<\/div>\n\t\t\t\t\t<\/div>\n\t\t\t\t<\/div>\n\t\t<div class=\"elementor-element elementor-element-4d12cc5 e-flex e-con-boxed e-con e-parent\" data-id=\"4d12cc5\" data-element_type=\"container\">\n\t\t\t\t\t<div class=\"e-con-inner\">\n\t\t\t\t<div class=\"elementor-element elementor-element-08ae0ec elementor-widget elementor-widget-heading\" data-id=\"08ae0ec\" data-element_type=\"widget\" data-widget_type=\"heading.default\">\n\t\t\t\t<div class=\"elementor-widget-container\">\n\t\t\t\t\t<h2 class=\"elementor-heading-title elementor-size-default\">\"Mario Alberto Castagnino\" Astronomy and Space Physics Library<\/h2>\t\t\t\t<\/div>\n\t\t\t\t<\/div>\n\t\t\t\t<div class=\"elementor-element elementor-element-39371af elementor-widget elementor-widget-image\" data-id=\"39371af\" data-element_type=\"widget\" data-widget_type=\"image.default\">\n\t\t\t\t<div class=\"elementor-widget-container\">\n\t\t\t\t\t\t\t\t\t\t\t\t\t\t\t<img fetchpriority=\"high\" decoding=\"async\" width=\"2155\" height=\"1565\" src=\"https:\/\/www.iafe.uba.ar\/en\/wp-content\/uploads\/2021\/10\/20191122_135844.jpg\" class=\"attachment-full size-full wp-image-1902\" alt=\"\" srcset=\"https:\/\/www.iafe.uba.ar\/en\/wp-content\/uploads\/2021\/10\/20191122_135844.jpg 2155w, https:\/\/www.iafe.uba.ar\/en\/wp-content\/uploads\/2021\/10\/20191122_135844-300x218.jpg 300w, https:\/\/www.iafe.uba.ar\/en\/wp-content\/uploads\/2021\/10\/20191122_135844-768x558.jpg 768w, https:\/\/www.iafe.uba.ar\/en\/wp-content\/uploads\/2021\/10\/20191122_135844-1024x744.jpg 1024w\" sizes=\"(max-width: 2155px) 100vw, 2155px\" \/>\t\t\t\t\t\t\t\t\t\t\t\t\t\t\t<\/div>\n\t\t\t\t<\/div>\n\t\t\t\t<div class=\"elementor-element elementor-element-d3915bf elementor-widget elementor-widget-text-editor\" data-id=\"d3915bf\" data-element_type=\"widget\" data-widget_type=\"text-editor.default\">\n\t\t\t\t<div class=\"elementor-widget-container\">\n\t\t\t\t\t\t\t\t\t<p class=\"p1\">In November 1971, a few months after the Institute was established, its library began to be organized. A bibliographic collection was formed, made up of publications edited by observatories and institutes in Argentina and abroad (also with material donated by related libraries), which was gradually enriched by the acquisition of journals on Astrophysics, Astronomy and related disciplines. The Library also has several scientific publications. Currently, our catalogue contains about 2,500 books and around 80 journal titles.<\/p><p class=\"p1\">In the framework of the 50th anniversary of the institute and based on a Resolution of the Internal Council of the IAFE, our library was renamed \u201cMario Alberto Castagnino Astronomy and Space Physics Library\u201d in honor of one of our most outstanding researchers. Dr. Castagnino (1935-2018) had an extensive and productive scientific activity at the IAFE, which was also very prolific in training human resources. After a restoration of the library, the re-inauguration ceremony took place on November 22, 2019, attended by Dr. Castagnino&#8217;s family, many of his disciples and of course all the staff of the institute. On that occasion, a commemorative plaque was unveiled at the entrance of the library.<\/p>\t\t\t\t\t\t\t\t<\/div>\n\t\t\t\t<\/div>\n\t\t<div class=\"elementor-element elementor-element-919b821 e-flex e-con-boxed e-con e-child\" data-id=\"919b821\" data-element_type=\"container\">\n\t\t\t\t\t<div class=\"e-con-inner\">\n\t\t\t\t<div class=\"elementor-element elementor-element-3e61f71 elementor-widget elementor-widget-image\" data-id=\"3e61f71\" data-element_type=\"widget\" data-widget_type=\"image.default\">\n\t\t\t\t<div class=\"elementor-widget-container\">\n\t\t\t\t\t\t\t\t\t\t\t\t\t\t\t<img decoding=\"async\" width=\"768\" height=\"627\" src=\"https:\/\/www.iafe.uba.ar\/en\/wp-content\/uploads\/2023\/11\/placa-biblioteca-768x627.jpeg\" class=\"attachment-medium_large size-medium_large wp-image-2543\" alt=\"placa conmemorativa\" srcset=\"https:\/\/www.iafe.uba.ar\/en\/wp-content\/uploads\/2023\/11\/placa-biblioteca-768x627.jpeg 768w, https:\/\/www.iafe.uba.ar\/en\/wp-content\/uploads\/2023\/11\/placa-biblioteca-300x245.jpeg 300w, https:\/\/www.iafe.uba.ar\/en\/wp-content\/uploads\/2023\/11\/placa-biblioteca-1024x836.jpeg 1024w, https:\/\/www.iafe.uba.ar\/en\/wp-content\/uploads\/2023\/11\/placa-biblioteca-1536x1254.jpeg 1536w, https:\/\/www.iafe.uba.ar\/en\/wp-content\/uploads\/2023\/11\/placa-biblioteca.jpeg 1600w\" sizes=\"(max-width: 768px) 100vw, 768px\" \/>\t\t\t\t\t\t\t\t\t\t\t\t\t\t\t<\/div>\n\t\t\t\t<\/div>\n\t\t\t\t<div class=\"elementor-element elementor-element-067ec0d elementor-widget elementor-widget-image\" data-id=\"067ec0d\" data-element_type=\"widget\" data-widget_type=\"image.default\">\n\t\t\t\t<div class=\"elementor-widget-container\">\n\t\t\t\t\t\t\t\t\t\t\t\t\t\t\t<img decoding=\"async\" width=\"768\" height=\"1098\" src=\"https:\/\/www.iafe.uba.ar\/en\/wp-content\/uploads\/2021\/05\/20191122_142737_HDR-1-768x1098.jpg\" class=\"attachment-medium_large size-medium_large wp-image-1865\" alt=\"\" srcset=\"https:\/\/www.iafe.uba.ar\/en\/wp-content\/uploads\/2021\/05\/20191122_142737_HDR-1-768x1098.jpg 768w, https:\/\/www.iafe.uba.ar\/en\/wp-content\/uploads\/2021\/05\/20191122_142737_HDR-1-210x300.jpg 210w, https:\/\/www.iafe.uba.ar\/en\/wp-content\/uploads\/2021\/05\/20191122_142737_HDR-1-716x1024.jpg 716w\" sizes=\"(max-width: 768px) 100vw, 768px\" \/>\t\t\t\t\t\t\t\t\t\t\t\t\t\t\t<\/div>\n\t\t\t\t<\/div>\n\t\t\t\t\t<\/div>\n\t\t\t\t<\/div>\n\t\t\t\t<div class=\"elementor-element elementor-element-805b4c6 elementor-widget elementor-widget-heading\" data-id=\"805b4c6\" data-element_type=\"widget\" data-widget_type=\"heading.default\">\n\t\t\t\t<div class=\"elementor-widget-container\">\n\t\t\t\t\t<h2 class=\"elementor-heading-title elementor-size-default\">List of journal titles from the library of the Institute of Astronomy and Space Physics<\/h2>\t\t\t\t<\/div>\n\t\t\t\t<\/div>\n\t\t\t\t<div class=\"elementor-element elementor-element-f3943dd elementor-widget elementor-widget-accordion\" data-id=\"f3943dd\" data-element_type=\"widget\" data-widget_type=\"accordion.default\">\n\t\t\t\t<div class=\"elementor-widget-container\">\n\t\t\t\t\t\t\t<div class=\"elementor-accordion\">\n\t\t\t\t\t\t\t<div class=\"elementor-accordion-item\">\n\t\t\t\t\t<div id=\"elementor-tab-title-2551\" class=\"elementor-tab-title\" data-tab=\"1\" role=\"button\" aria-controls=\"elementor-tab-content-2551\" aria-expanded=\"false\">\n\t\t\t\t\t\t\t\t\t\t\t\t\t<span class=\"elementor-accordion-icon elementor-accordion-icon-right\" aria-hidden=\"true\">\n\t\t\t\t\t\t\t\t\t\t\t\t\t\t\t<span class=\"elementor-accordion-icon-closed\"><i class=\"fas fa-plus\"><\/i><\/span>\n\t\t\t\t\t\t\t\t<span class=\"elementor-accordion-icon-opened\"><i class=\"fas fa-minus\"><\/i><\/span>\n\t\t\t\t\t\t\t\t\t\t\t\t\t\t<\/span>\n\t\t\t\t\t\t\t\t\t\t\t\t<a class=\"elementor-accordion-title\" tabindex=\"0\">A \u2013 L<\/a>\n\t\t\t\t\t<\/div>\n\t\t\t\t\t<div id=\"elementor-tab-content-2551\" class=\"elementor-tab-content elementor-clearfix\" data-tab=\"1\" role=\"region\" aria-labelledby=\"elementor-tab-title-2551\"><p class=\"p1\"><span class=\"s1\">ACTA ASTRONOMICA<\/span><\/p>\n<p class=\"p1\"><span class=\"s1\">ADVANCES IN ATOMIC AND MOLECULAR PHYSICS<\/span><\/p>\n<p class=\"p1\"><span class=\"s1\">ADVANCES IN ATOMIC, MOLECULAR AND OPTICAL PHYSICS<\/span><\/p>\n<p class=\"p1\"><span class=\"s1\">ANNUAL REVIEW OF ASTRONOMY AND ASTROPHYSICS<\/span><\/p>\n<p class=\"p1\"><span class=\"s1\">ARKIV F\u00d6R ASTRONOMI<\/span><\/p>\n<p class=\"p1\"><span class=\"s1\">ASTRONOMICAL JOURNAL<\/span><\/p>\n<p class=\"p1\"><span class=\"s1\">L\u2019ASTRONOMIE<\/span><\/p>\n<p class=\"p1\"><span class=\"s1\">ASTRONOMY AND ASTROPHYSICS<\/span><\/p>\n<p class=\"p1\"><span class=\"s1\">ASTRONOMY AND ASTROPHYSICS ABSTRACTS<\/span><\/p>\n<p class=\"p1\"><span class=\"s1\">ASTRONOMY AND ASTROPHYSICS REVIEW<\/span><\/p>\n<p class=\"p1\"><span class=\"s1\">ASTRONOMY AND ASTROPHYSICS, SUPPLEMENT SERIES<\/span><\/p>\n<p class=\"p1\"><span class=\"s1\">ASTRONOMY LETTERS (traducci\u00f3n de: PIS&#8217;MA v ASTRONOMICHESKIJ ZHURNAL)<\/span><\/p>\n<p class=\"p1\"><span class=\"s1\">ASTRONOMY REPORTS<span class=\"Apple-converted-space\">&nbsp; <\/span>(traducci\u00f3n de: ASTRONOMICHESKIJ ZHURNAL)<\/span><\/p>\n<p class=\"p1\"><span class=\"s1\">ASTRONOMY &amp; GEOPHYSICS <\/span><\/p>\n<p class=\"p1\"><span class=\"s1\">ASTROPHYSICAL JOURNAL<\/span><\/p>\n<p class=\"p1\"><span class=\"s1\">ASTROPHYSICAL JOURNAL, LETTERS<\/span><\/p>\n<p class=\"p1\"><span class=\"s1\">ASTROPHYSICAL JOURNAL, SUPPLEMENT SERIES<\/span><\/p>\n<p class=\"p1\"><span class=\"s1\">ASTROPHYSICAL LETTERS<\/span><\/p>\n<p class=\"p1\"><span class=\"s1\">ASTROPHYSICS (traducci\u00f3n de: ASTROFIZIKA)<\/span><\/p>\n<p class=\"p4\"><span class=\"s1\">ASTROPHYSICS AND SPACE SCIENCE<\/span><\/p>\n<p class=\"p5\"><span class=\"s1\">BOLET\u00cdN DE LA ASOCIACI\u00d3N ARGENTINA DE ASTRONOM\u00cdA (BOLET\u00cdN AAA)<\/span><\/p>\n<p class=\"p1\"><span class=\"s1\">BOLET\u00cdN DE LA ASOCIACI\u00d3N CHILENA DE ASTRONOM\u00cdA (BOLET\u00cdN ACHAYA)<\/span><\/p>\n<p class=\"p1\"><span class=\"s1\">BULLETIN OF THE ASTRONOMICAL INSTITUTES OF CZECHOSLOVAKIA<\/span><\/p>\n<p class=\"p5\"><span class=\"s1\">BULLETIN OF THE ROYAL ASTRONOMICAL SOCIETY OF CANADA<\/span><\/p>\n<p class=\"p1\"><span class=\"s1\">CIENCIA HOY<\/span><\/p>\n<p class=\"p1\"><span class=\"s1\">COSMIC ELECTRODYNAMICS<\/span><\/p>\n<p class=\"p1\"><span class=\"s1\">COSPAR INFORMATION BULLETIN <\/span><\/p>\n<p class=\"p1\"><span class=\"s1\">FACILITIES FOR ATMOSPHERIC RESEARCH<\/span><\/p>\n<p class=\"p1\"><span class=\"s1\">GEOPHYSICAL RESEARCH LETTERS<\/span><\/p>\n<p class=\"p1\"><span class=\"s1\">HIGHLIGHTS OF ASTRONOMY<\/span><\/p>\n<p class=\"p1\"><span class=\"s1\">INFORMATION BULLETIN OF THE INTERNATIONAL ASTRONOMICAL UNION (IAU INFORMATION BULLETIN)<\/span><\/p>\n<p class=\"p1\"><span class=\"s1\">INFRARED PHYSICS<\/span><\/p>\n<p class=\"p1\"><span class=\"s1\">INVESTIGACI\u00d3N Y CIENCIA (versi\u00f3n espa\u00f1ola de: SCIENTIFIC AMERICAN)<\/span><\/p>\n<p class=\"p1\"><span class=\"s1\">JOURNAL OF GEOPHYSICAL RESEARCH<span class=\"Apple-converted-space\">&nbsp; <\/span>A: Space Physics<\/span><\/p>\n<p class=\"p1\"><span class=\"s1\">JOURNAL OF PHYSICS<span class=\"Apple-converted-space\">&nbsp; <\/span>B: Atomic, Molecular and Optical Physics<\/span><\/p>\n<p class=\"p1\"><span class=\"s1\">JOURNAL OF QUANTITATIVE SPECTROSCOPY AND RADIATIVE TRANSFER<\/span><\/p>\n<p class=\"p1\"><span class=\"s1\">JOURNAL OF THE OPTICAL SOCIETY OF AMERICA<\/span><\/p>\n<p class=\"p1\"><span class=\"s1\">JOURNAL OF THE OPTICAL SOCIETY OF AMERICA A: Optics,<span class=\"Apple-converted-space\">&nbsp; <\/span>Image Science and Vision<\/span><\/p>\n<p class=\"p1\"><span class=\"s1\">JOURNAL OF THE OPTICAL SOCIETY OF AMERICA<span class=\"Apple-converted-space\">&nbsp; <\/span>B: Optical Physics<\/span><\/p>\n<p class=\"p1\"><span class=\"s1\">JOURNAL OF THE ROYAL ASTRONOMICAL SOCIETY OF CANADA<\/span><\/p><\/div>\n\t\t\t\t<\/div>\n\t\t\t\t\t\t\t<div class=\"elementor-accordion-item\">\n\t\t\t\t\t<div id=\"elementor-tab-title-2552\" class=\"elementor-tab-title\" data-tab=\"2\" role=\"button\" aria-controls=\"elementor-tab-content-2552\" aria-expanded=\"false\">\n\t\t\t\t\t\t\t\t\t\t\t\t\t<span class=\"elementor-accordion-icon elementor-accordion-icon-right\" aria-hidden=\"true\">\n\t\t\t\t\t\t\t\t\t\t\t\t\t\t\t<span class=\"elementor-accordion-icon-closed\"><i class=\"fas fa-plus\"><\/i><\/span>\n\t\t\t\t\t\t\t\t<span class=\"elementor-accordion-icon-opened\"><i class=\"fas fa-minus\"><\/i><\/span>\n\t\t\t\t\t\t\t\t\t\t\t\t\t\t<\/span>\n\t\t\t\t\t\t\t\t\t\t\t\t<a class=\"elementor-accordion-title\" tabindex=\"0\">M \u2013 Z<\/a>\n\t\t\t\t\t<\/div>\n\t\t\t\t\t<div id=\"elementor-tab-content-2552\" class=\"elementor-tab-content elementor-clearfix\" data-tab=\"2\" role=\"region\" aria-labelledby=\"elementor-tab-title-2552\"><p class=\"p1\"><span class=\"s1\">MERCURY<\/span><\/p><p class=\"p1\"><span class=\"s1\">THE MESSENGER &#8211; EL MENSAJERO (ESO MESSENGER)<\/span><\/p><p class=\"p1\"><span class=\"s1\">MONTHLY NOTES OF THE ASTRONOMICAL SOCIETY OF SOUTHERN AFRICA<\/span><\/p><p class=\"p1\"><span class=\"s1\">MONTHLY NOTICES OF THE ROYAL ASTRONOMICAL SOCIETY OF LONDON<\/span><\/p><p class=\"p1\"><span class=\"s1\">NATIONAL CENTER FOR ATMOSPHERIC RESEARCH QUARTERLY (NCAR QUARTERLY)<\/span><\/p><p class=\"p1\"><span class=\"s1\">NATURE<\/span><\/p><p class=\"p1\"><span class=\"s1\">NEW ASTRONOMY REVIEWS<\/span><\/p><p class=\"p1\"><span class=\"s1\">NUCLEAR INSTRUMENTS AND METHODS<\/span><\/p><p class=\"p1\"><span class=\"s1\">the OBSERVATORY<\/span><\/p><p class=\"p1\"><span class=\"s1\">PHOTONICS SPECTRA<\/span><\/p><p class=\"p1\"><span class=\"s1\">PHYSICA SOLARIS TERRESTRIS<\/span><\/p><p class=\"p1\"><span class=\"s1\">PHYSICAL REVIEW A: General Physics<\/span><\/p><p class=\"p1\"><span class=\"s1\">PHYSICAL REVIEW A: Atomic, Molecular and Optical Physics<\/span><\/p><p class=\"p1\"><span class=\"s1\">PHYSICAL REVIEW E:<span class=\"Apple-converted-space\">\u00a0 <\/span>Statistical Physics, Plasmas, Fluids, and Related Interdisciplinary Topics<\/span><\/p><p class=\"p1\"><span class=\"s1\">PHYSICAL REVIEW E:<span class=\"Apple-converted-space\">\u00a0 <\/span>Statistical, Nonlinear and Soft Matter Physics<\/span><\/p><p class=\"p1\"><span class=\"s1\">PHYSICS TODAY<\/span><\/p><p class=\"p1\"><span class=\"s1\">PHYSICS WORLD<\/span><\/p><p class=\"p1\"><span class=\"s1\">PLANETARY SPACE SCIENCE<\/span><\/p><p class=\"p1\"><span class=\"s1\">PUBLICATIONS OF THE ASTRONOMICAL SOCIETY OF JAPAN <\/span><\/p><p class=\"p1\"><span class=\"s1\">PUBLICATIONS OF THE ASTRONOMICAL SOCIETY OF THE PACIFIC<\/span><\/p><p class=\"p1\"><span class=\"s1\">QUARTERLY BULLETIN ON SOLAR ACTIVITY<\/span><\/p><p class=\"p1\"><span class=\"s1\">QUARTERLY JOURNAL OF THE ROYAL ASTRONOMICAL SOCIETY OF LONDON<\/span><\/p><p class=\"p1\"><span class=\"s1\">REPORT ON IONOSPHERIC AND SPACE RESEARCH IN JAPAN <\/span><\/p><p class=\"p1\"><span class=\"s1\">REVIEW OF SCIENTIFIC INSTRUMENTS<\/span><\/p><p class=\"p1\"><span class=\"s1\">REVISTA ASTRON\u00d3MICA<\/span><\/p><p class=\"p1\"><span class=\"s1\">REVISTA MEXICANA DE ASTRONOM\u00cdA Y ASTROF\u00cdSICA<\/span><\/p><p class=\"p1\"><span class=\"s1\">SBARMO BULLETIN <\/span><\/p><p class=\"p1\"><span class=\"s1\">SCAR BULLETIN<\/span><\/p><p class=\"p1\"><span class=\"s1\">SCAR REPORT<\/span><\/p><p class=\"p1\"><span class=\"s1\">SCIENCE<\/span><\/p><p class=\"p1\"><span class=\"s1\">SCIENTIFIC AMERICAN<\/span><\/p><p class=\"p1\"><span class=\"s1\">SKY AND TELESCOPE<\/span><\/p><p class=\"p1\"><span class=\"s1\">SOLAR GEOPHYSICAL DATA. Part 1:Prompt Reports; Part 2:Comprehensive Reports<\/span><\/p><p class=\"p1\"><span class=\"s1\">SOLAR PHYSICS<\/span><\/p><p class=\"p1\"><span class=\"s1\">SOLAR TERRESTRIAL ENVIRONMENTAL RESEARCH IN JAPAN<\/span><\/p><p class=\"p1\"><span class=\"s1\">SOLARE BEOBACHTUNGSERGEBNISSE (SOLAR DATA)<\/span><\/p><p class=\"p1\"><span class=\"s1\">SOVIET ASTRONOMY (traducci\u00f3n de: ASTRONOMICHESKIJ ZHURNAL)<\/span><\/p><p class=\"p1\"><span class=\"s1\">SOVIET ASTRONOMY LETTERS (traducci\u00f3n de: PIS\u00b4MA v ASTRONOMICHESKIJ ZHURNAL)<\/span><\/p><p class=\"p1\"><span class=\"s1\">SPACE SCIENCE INSTRUMENTATION<\/span><\/p><p class=\"p1\"><span class=\"s1\">SPACE SCIENCE REVIEWS<\/span><\/p><p class=\"p1\"><span class=\"s1\">SPARMO BULLETIN <\/span><\/p><p class=\"p1\"><span class=\"s1\">TRANSACTIONS<span class=\"Apple-converted-space\">\u00a0 <\/span>OF THE INTERNATIONAL ASTRONOMICAL UNION (TRANSACTIONS-IAU)<\/span><\/p><p class=\"p1\"><span class=\"s1\">VISTAS IN ASTRONOMY<\/span><\/p><\/div>\n\t\t\t\t<\/div>\n\t\t\t\t\t\t\t\t<\/div>\n\t\t\t\t\t\t<\/div>\n\t\t\t\t<\/div>\n\t\t\t\t<div class=\"elementor-element elementor-element-7e1b4c8 elementor-widget elementor-widget-button\" data-id=\"7e1b4c8\" data-element_type=\"widget\" data-widget_type=\"button.default\">\n\t\t\t\t<div class=\"elementor-widget-container\">\n\t\t\t\t\t\t\t\t\t<div class=\"elementor-button-wrapper\">\n\t\t\t\t\t<a class=\"elementor-button elementor-button-link elementor-size-sm\" href=\"http:\/\/www.iafe.uba.ar\/nuevaweb\/wp-content\/uploads\/2019\/03\/catalogo1.doc\" target=\"_blank\" rel=\"nofollow\">\n\t\t\t\t\t\t<span class=\"elementor-button-content-wrapper\">\n\t\t\t\t\t\t\t\t\t<span class=\"elementor-button-text\">Download the catalogue from A to L<\/span>\n\t\t\t\t\t<\/span>\n\t\t\t\t\t<\/a>\n\t\t\t\t<\/div>\n\t\t\t\t\t\t\t\t<\/div>\n\t\t\t\t<\/div>\n\t\t\t\t<div class=\"elementor-element elementor-element-845dd09 elementor-widget elementor-widget-button\" data-id=\"845dd09\" data-element_type=\"widget\" data-widget_type=\"button.default\">\n\t\t\t\t<div class=\"elementor-widget-container\">\n\t\t\t\t\t\t\t\t\t<div class=\"elementor-button-wrapper\">\n\t\t\t\t\t<a class=\"elementor-button elementor-button-link elementor-size-sm\" href=\"http:\/\/www.iafe.uba.ar\/nuevaweb\/wp-content\/uploads\/2019\/03\/catalogo2.doc\" target=\"_blank\" rel=\"nofollow\">\n\t\t\t\t\t\t<span class=\"elementor-button-content-wrapper\">\n\t\t\t\t\t\t\t\t\t<span class=\"elementor-button-text\">Download the catalogue from M to Z<\/span>\n\t\t\t\t\t<\/span>\n\t\t\t\t\t<\/a>\n\t\t\t\t<\/div>\n\t\t\t\t\t\t\t\t<\/div>\n\t\t\t\t<\/div>\n\t\t\t\t<div class=\"elementor-element elementor-element-2e9f7cc elementor-widget elementor-widget-text-editor\" data-id=\"2e9f7cc\" data-element_type=\"widget\" data-widget_type=\"text-editor.default\">\n\t\t\t\t<div class=\"elementor-widget-container\">\n\t\t\t\t\t\t\t\t\t<p class=\"p1\">The Library receives queries from researchers and the general public interested in bibliographic material related to IAFE&#8217;s lines of research. In 2008, automation of the book catalogue began, which was completed in 2009 and initially placed on the Institute&#8217;s intranet for researchers to consult, and was later made available on the web.<\/p>\t\t\t\t\t\t\t\t<\/div>\n\t\t\t\t<\/div>\n\t\t\t\t<div class=\"elementor-element elementor-element-9beff68 elementor-align-left elementor-widget elementor-widget-button\" data-id=\"9beff68\" data-element_type=\"widget\" data-widget_type=\"button.default\">\n\t\t\t\t<div class=\"elementor-widget-container\">\n\t\t\t\t\t\t\t\t\t<div class=\"elementor-button-wrapper\">\n\t\t\t\t\t<a class=\"elementor-button elementor-button-link elementor-size-sm\" href=\"http:\/\/biblioteca.iafe.uba.ar\/\" target=\"_blank\" rel=\"nofollow\">\n\t\t\t\t\t\t<span class=\"elementor-button-content-wrapper\">\n\t\t\t\t\t\t\t\t\t<span class=\"elementor-button-text\">Catalogue<\/span>\n\t\t\t\t\t<\/span>\n\t\t\t\t\t<\/a>\n\t\t\t\t<\/div>\n\t\t\t\t\t\t\t\t<\/div>\n\t\t\t\t<\/div>\n\t\t\t\t<div class=\"elementor-element elementor-element-09bc77e elementor-widget elementor-widget-heading\" data-id=\"09bc77e\" data-element_type=\"widget\" data-widget_type=\"heading.default\">\n\t\t\t\t<div class=\"elementor-widget-container\">\n\t\t\t\t\t<h2 class=\"elementor-heading-title elementor-size-default\">History of Argentine Astronomy<\/h2>\t\t\t\t<\/div>\n\t\t\t\t<\/div>\n\t\t\t\t<div class=\"elementor-element elementor-element-3dde3b6 elementor-widget elementor-widget-button\" data-id=\"3dde3b6\" data-element_type=\"widget\" data-widget_type=\"button.default\">\n\t\t\t\t<div class=\"elementor-widget-container\">\n\t\t\t\t\t\t\t\t\t<div class=\"elementor-button-wrapper\">\n\t\t\t\t\t<a class=\"elementor-button elementor-button-link elementor-size-sm\" href=\"http:\/\/www.iafe.uba.ar\/nuevaweb\/wp-content\/uploads\/2019\/03\/evolucion1872-1922.pdf\" target=\"_blank\" rel=\"nofollow\">\n\t\t\t\t\t\t<span class=\"elementor-button-content-wrapper\">\n\t\t\t\t\t\t\t\t\t<span class=\"elementor-button-text\">Download first part<\/span>\n\t\t\t\t\t<\/span>\n\t\t\t\t\t<\/a>\n\t\t\t\t<\/div>\n\t\t\t\t\t\t\t\t<\/div>\n\t\t\t\t<\/div>\n\t\t\t\t<div class=\"elementor-element elementor-element-ead6b3b elementor-widget elementor-widget-button\" data-id=\"ead6b3b\" data-element_type=\"widget\" data-widget_type=\"button.default\">\n\t\t\t\t<div class=\"elementor-widget-container\">\n\t\t\t\t\t\t\t\t\t<div class=\"elementor-button-wrapper\">\n\t\t\t\t\t<a class=\"elementor-button elementor-button-link elementor-size-sm\" href=\"http:\/\/www.iafe.uba.ar\/nuevaweb\/wp-content\/uploads\/2019\/03\/evolucion1872-1922.parte2_.pdf\" target=\"_blank\" rel=\"nofollow\">\n\t\t\t\t\t\t<span class=\"elementor-button-content-wrapper\">\n\t\t\t\t\t\t\t\t\t<span class=\"elementor-button-text\">Download second part<\/span>\n\t\t\t\t\t<\/span>\n\t\t\t\t\t<\/a>\n\t\t\t\t<\/div>\n\t\t\t\t\t\t\t\t<\/div>\n\t\t\t\t<\/div>\n\t\t\t\t\t<\/div>\n\t\t\t\t<\/div>\n\t\t\t\t<\/div>\n\t\t","protected":false},"excerpt":{"rendered":"<p>&#8220;Mario Alberto Castagnino&#8221; Astronomy and Space Physics Library In November 1971, a few months after the Institute was established, its library began to be organized. A bibliographic collection was formed, made up of publications edited by observatories and institutes in Argentina and abroad (also with material donated by related libraries), which was gradually enriched by [&hellip;]<\/p>\n","protected":false},"author":1,"featured_media":1428,"parent":100,"menu_order":0,"comment_status":"closed","ping_status":"closed","template":"elementor_header_footer","meta":{"_acf_changed":false,"footnotes":""},"class_list":["post-97","page","type-page","status-publish","has-post-thumbnail","hentry"],"acf":[],"_links":{"self":[{"href":"https:\/\/www.iafe.uba.ar\/en\/wp-json\/wp\/v2\/pages\/97","targetHints":{"allow":["GET"]}}],"collection":[{"href":"https:\/\/www.iafe.uba.ar\/en\/wp-json\/wp\/v2\/pages"}],"about":[{"href":"https:\/\/www.iafe.uba.ar\/en\/wp-json\/wp\/v2\/types\/page"}],"author":[{"embeddable":true,"href":"https:\/\/www.iafe.uba.ar\/en\/wp-json\/wp\/v2\/users\/1"}],"replies":[{"embeddable":true,"href":"https:\/\/www.iafe.uba.ar\/en\/wp-json\/wp\/v2\/comments?post=97"}],"version-history":[{"count":0,"href":"https:\/\/www.iafe.uba.ar\/en\/wp-json\/wp\/v2\/pages\/97\/revisions"}],"up":[{"embeddable":true,"href":"https:\/\/www.iafe.uba.ar\/en\/wp-json\/wp\/v2\/pages\/100"}],"wp:featuredmedia":[{"embeddable":true,"href":"https:\/\/www.iafe.uba.ar\/en\/wp-json\/wp\/v2\/media\/1428"}],"wp:attachment":[{"href":"https:\/\/www.iafe.uba.ar\/en\/wp-json\/wp\/v2\/media?parent=97"}],"curies":[{"name":"wp","href":"https:\/\/api.w.org\/{rel}","templated":true}]}}