{"id":91,"date":"2018-12-26T16:40:07","date_gmt":"2018-12-26T19:40:07","guid":{"rendered":"https:\/\/www.iafe.uba.ar\/en\/?page_id=91"},"modified":"2025-11-07T10:47:37","modified_gmt":"2025-11-07T13:47:37","slug":"autoridades","status":"publish","type":"page","link":"https:\/\/www.iafe.uba.ar\/en\/institucional\/autoridades\/","title":{"rendered":"Authorities"},"content":{"rendered":"\t\t<div data-elementor-type=\"wp-post\" data-elementor-id=\"91\" class=\"elementor elementor-91\" data-elementor-post-type=\"page\">\n\t\t\t\t<div class=\"elementor-element elementor-element-67678d2 e-flex e-con-boxed e-con e-parent\" data-id=\"67678d2\" data-element_type=\"container\" data-settings=\"{&quot;background_background&quot;:&quot;classic&quot;}\">\n\t\t\t\t\t<div class=\"e-con-inner\">\n\t\t<div class=\"elementor-element elementor-element-e616527 e-con-full e-flex e-con e-child\" data-id=\"e616527\" data-element_type=\"container\">\n\t\t\t\t<div class=\"elementor-element elementor-element-1348972 elementor-widget elementor-widget-heading\" data-id=\"1348972\" data-element_type=\"widget\" data-widget_type=\"heading.default\">\n\t\t\t\t<div class=\"elementor-widget-container\">\n\t\t\t\t\t<h1 class=\"elementor-heading-title elementor-size-default\">Authorities<\/h1>\t\t\t\t<\/div>\n\t\t\t\t<\/div>\n\t\t\t\t<\/div>\n\t\t\t\t\t<\/div>\n\t\t\t\t<\/div>\n\t\t\t\t<section class=\"elementor-section elementor-top-section elementor-element elementor-element-b41b152 elementor-section-boxed elementor-section-height-default elementor-section-height-default\" data-id=\"b41b152\" data-element_type=\"section\">\n\t\t\t\t\t\t<div class=\"elementor-container elementor-column-gap-default\">\n\t\t\t\t\t<div class=\"elementor-column elementor-col-100 elementor-top-column elementor-element elementor-element-809601b\" data-id=\"809601b\" data-element_type=\"column\">\n\t\t\t<div class=\"elementor-widget-wrap elementor-element-populated\">\n\t\t\t\t\t\t<section class=\"elementor-section elementor-inner-section elementor-element elementor-element-10fe424 elementor-section-full_width elementor-section-height-default elementor-section-height-default\" data-id=\"10fe424\" data-element_type=\"section\">\n\t\t\t\t\t\t<div class=\"elementor-container elementor-column-gap-default\">\n\t\t\t\t\t<div class=\"elementor-column elementor-col-50 elementor-inner-column elementor-element elementor-element-b4b48a8\" data-id=\"b4b48a8\" data-element_type=\"column\">\n\t\t\t<div class=\"elementor-widget-wrap elementor-element-populated\">\n\t\t\t\t\t\t<div class=\"elementor-element elementor-element-f19d4f2 elementor-widget__width-initial elementor-widget elementor-widget-heading\" data-id=\"f19d4f2\" data-element_type=\"widget\" data-widget_type=\"heading.default\">\n\t\t\t\t<div class=\"elementor-widget-container\">\n\t\t\t\t\t<h2 class=\"elementor-heading-title elementor-size-default\">Director<\/h2>\t\t\t\t<\/div>\n\t\t\t\t<\/div>\n\t\t\t\t<div class=\"elementor-element elementor-element-abaa92e elementor-widget__width-initial elementor-widget elementor-widget-image\" data-id=\"abaa92e\" data-element_type=\"widget\" data-widget_type=\"image.default\">\n\t\t\t\t<div class=\"elementor-widget-container\">\n\t\t\t\t\t\t\t\t\t\t\t\t\t\t\t<img decoding=\"async\" width=\"150\" height=\"150\" src=\"https:\/\/www.iafe.uba.ar\/en\/wp-content\/uploads\/2019\/12\/Dasso-carnet-150x150.png\" class=\"attachment-thumbnail size-thumbnail wp-image-2805\" alt=\"\" srcset=\"https:\/\/www.iafe.uba.ar\/en\/wp-content\/uploads\/2019\/12\/Dasso-carnet-150x150.png 150w, https:\/\/www.iafe.uba.ar\/en\/wp-content\/uploads\/2019\/12\/Dasso-carnet.png 200w\" sizes=\"(max-width: 150px) 100vw, 150px\" \/>\t\t\t\t\t\t\t\t\t\t\t\t\t\t\t<\/div>\n\t\t\t\t<\/div>\n\t\t\t\t<div class=\"elementor-element elementor-element-3ddbf2b elementor-widget elementor-widget-heading\" data-id=\"3ddbf2b\" data-element_type=\"widget\" data-widget_type=\"heading.default\">\n\t\t\t\t<div class=\"elementor-widget-container\">\n\t\t\t\t\t<h3 class=\"elementor-heading-title elementor-size-default\">Dr. Sergio Dasso<\/h3>\t\t\t\t<\/div>\n\t\t\t\t<\/div>\n\t\t\t\t\t<\/div>\n\t\t<\/div>\n\t\t\t\t<div class=\"elementor-column elementor-col-50 elementor-inner-column elementor-element elementor-element-494d418\" data-id=\"494d418\" data-element_type=\"column\">\n\t\t\t<div class=\"elementor-widget-wrap elementor-element-populated\">\n\t\t\t\t\t\t<div class=\"elementor-element elementor-element-4895cd8 elementor-widget__width-initial elementor-widget elementor-widget-heading\" data-id=\"4895cd8\" data-element_type=\"widget\" data-widget_type=\"heading.default\">\n\t\t\t\t<div class=\"elementor-widget-container\">\n\t\t\t\t\t<h2 class=\"elementor-heading-title elementor-size-default\">Deputy Director<\/h2>\t\t\t\t<\/div>\n\t\t\t\t<\/div>\n\t\t\t\t<div class=\"elementor-element elementor-element-c5c94b6 elementor-widget elementor-widget-image\" data-id=\"c5c94b6\" data-element_type=\"widget\" data-widget_type=\"image.default\">\n\t\t\t\t<div class=\"elementor-widget-container\">\n\t\t\t\t\t\t\t\t\t\t\t\t\t\t\t<img decoding=\"async\" width=\"150\" height=\"150\" src=\"https:\/\/www.iafe.uba.ar\/en\/wp-content\/uploads\/2024\/12\/arbo-150x150.png\" class=\"attachment-thumbnail size-thumbnail wp-image-3126\" alt=\"\" srcset=\"https:\/\/www.iafe.uba.ar\/en\/wp-content\/uploads\/2024\/12\/arbo-150x150.png 150w, https:\/\/www.iafe.uba.ar\/en\/wp-content\/uploads\/2024\/12\/arbo.png 200w\" sizes=\"(max-width: 150px) 100vw, 150px\" \/>\t\t\t\t\t\t\t\t\t\t\t\t\t\t\t<\/div>\n\t\t\t\t<\/div>\n\t\t\t\t<div class=\"elementor-element elementor-element-afabcdc elementor-widget elementor-widget-heading\" data-id=\"afabcdc\" data-element_type=\"widget\" data-widget_type=\"heading.default\">\n\t\t\t\t<div class=\"elementor-widget-container\">\n\t\t\t\t\t<h3 class=\"elementor-heading-title elementor-size-default\">Dr. Diego Arb\u00f3<\/h3>\t\t\t\t<\/div>\n\t\t\t\t<\/div>\n\t\t\t\t\t<\/div>\n\t\t<\/div>\n\t\t\t\t\t<\/div>\n\t\t<\/section>\n\t\t\t\t<div class=\"elementor-element elementor-element-ce6debc elementor-widget elementor-widget-heading\" data-id=\"ce6debc\" data-element_type=\"widget\" data-widget_type=\"heading.default\">\n\t\t\t\t<div class=\"elementor-widget-container\">\n\t\t\t\t\t<h2 class=\"elementor-heading-title elementor-size-default\">Board of Directors:<\/h2>\t\t\t\t<\/div>\n\t\t\t\t<\/div>\n\t\t\t\t<section class=\"elementor-section elementor-inner-section elementor-element elementor-element-ab19e01 elementor-section-full_width elementor-section-height-default elementor-section-height-default\" data-id=\"ab19e01\" data-element_type=\"section\">\n\t\t\t\t\t\t<div class=\"elementor-container elementor-column-gap-default\">\n\t\t\t\t\t<div class=\"elementor-column elementor-col-20 elementor-inner-column elementor-element elementor-element-3023e6e\" data-id=\"3023e6e\" data-element_type=\"column\">\n\t\t\t<div class=\"elementor-widget-wrap elementor-element-populated\">\n\t\t\t\t\t\t<div class=\"elementor-element elementor-element-42cf4a9 elementor-widget elementor-widget-image\" data-id=\"42cf4a9\" data-element_type=\"widget\" data-widget_type=\"image.default\">\n\t\t\t\t<div class=\"elementor-widget-container\">\n\t\t\t\t\t\t\t\t\t\t\t\t\t\t\t<img decoding=\"async\" width=\"150\" height=\"150\" src=\"https:\/\/www.iafe.uba.ar\/en\/wp-content\/uploads\/2024\/12\/arbo-150x150.png\" class=\"attachment-thumbnail size-thumbnail wp-image-3126\" alt=\"\" srcset=\"https:\/\/www.iafe.uba.ar\/en\/wp-content\/uploads\/2024\/12\/arbo-150x150.png 150w, https:\/\/www.iafe.uba.ar\/en\/wp-content\/uploads\/2024\/12\/arbo.png 200w\" sizes=\"(max-width: 150px) 100vw, 150px\" \/>\t\t\t\t\t\t\t\t\t\t\t\t\t\t\t<\/div>\n\t\t\t\t<\/div>\n\t\t\t\t<div class=\"elementor-element elementor-element-9f946e2 elementor-widget elementor-widget-heading\" data-id=\"9f946e2\" data-element_type=\"widget\" data-widget_type=\"heading.default\">\n\t\t\t\t<div class=\"elementor-widget-container\">\n\t\t\t\t\t<h3 class=\"elementor-heading-title elementor-size-default\">Dr. Diego Arb\u00f3<\/h3>\t\t\t\t<\/div>\n\t\t\t\t<\/div>\n\t\t\t\t\t<\/div>\n\t\t<\/div>\n\t\t\t\t<div class=\"elementor-column elementor-col-20 elementor-inner-column elementor-element elementor-element-483980d\" data-id=\"483980d\" data-element_type=\"column\">\n\t\t\t<div class=\"elementor-widget-wrap elementor-element-populated\">\n\t\t\t\t\t\t<div class=\"elementor-element elementor-element-2e1289f elementor-widget elementor-widget-image\" data-id=\"2e1289f\" data-element_type=\"widget\" data-widget_type=\"image.default\">\n\t\t\t\t<div class=\"elementor-widget-container\">\n\t\t\t\t\t\t\t\t\t\t\t\t\t\t\t<img decoding=\"async\" width=\"98\" height=\"121\" src=\"https:\/\/www.iafe.uba.ar\/en\/wp-content\/uploads\/2019\/11\/bejaranoo.jpg\" class=\"attachment-large size-large wp-image-1249\" alt=\"\" \/>\t\t\t\t\t\t\t\t\t\t\t\t\t\t\t<\/div>\n\t\t\t\t<\/div>\n\t\t\t\t<div class=\"elementor-element elementor-element-6987d21 elementor-widget elementor-widget-heading\" data-id=\"6987d21\" data-element_type=\"widget\" data-widget_type=\"heading.default\">\n\t\t\t\t<div class=\"elementor-widget-container\">\n\t\t\t\t\t<h3 class=\"elementor-heading-title elementor-size-default\">Dra. Cecilia Bejarano<\/h3>\t\t\t\t<\/div>\n\t\t\t\t<\/div>\n\t\t\t\t\t<\/div>\n\t\t<\/div>\n\t\t\t\t<div class=\"elementor-column elementor-col-20 elementor-inner-column elementor-element elementor-element-94b9e9a\" data-id=\"94b9e9a\" data-element_type=\"column\">\n\t\t\t<div class=\"elementor-widget-wrap elementor-element-populated\">\n\t\t\t\t\t\t<div class=\"elementor-element elementor-element-5a2e414 elementor-widget elementor-widget-image\" data-id=\"5a2e414\" data-element_type=\"widget\" data-widget_type=\"image.default\">\n\t\t\t\t<div class=\"elementor-widget-container\">\n\t\t\t\t\t\t\t\t\t\t\t\t\t\t\t<img loading=\"lazy\" decoding=\"async\" width=\"150\" height=\"150\" src=\"https:\/\/www.iafe.uba.ar\/en\/wp-content\/uploads\/2025\/01\/Burrafato-Yamila.-200x200-1-150x150.jpg\" class=\"attachment-thumbnail size-thumbnail wp-image-3141\" alt=\"\" srcset=\"https:\/\/www.iafe.uba.ar\/en\/wp-content\/uploads\/2025\/01\/Burrafato-Yamila.-200x200-1-150x150.jpg 150w, https:\/\/www.iafe.uba.ar\/en\/wp-content\/uploads\/2025\/01\/Burrafato-Yamila.-200x200-1.jpg 200w\" sizes=\"(max-width: 150px) 100vw, 150px\" \/>\t\t\t\t\t\t\t\t\t\t\t\t\t\t\t<\/div>\n\t\t\t\t<\/div>\n\t\t\t\t<div class=\"elementor-element elementor-element-4994ff0 elementor-widget elementor-widget-heading\" data-id=\"4994ff0\" data-element_type=\"widget\" data-widget_type=\"heading.default\">\n\t\t\t\t<div class=\"elementor-widget-container\">\n\t\t\t\t\t<h3 class=\"elementor-heading-title elementor-size-default\">Lic. Yamila Burrafato<\/h3>\t\t\t\t<\/div>\n\t\t\t\t<\/div>\n\t\t\t\t\t<\/div>\n\t\t<\/div>\n\t\t\t\t<div class=\"elementor-column elementor-col-20 elementor-inner-column elementor-element elementor-element-bcdb3f5\" data-id=\"bcdb3f5\" data-element_type=\"column\">\n\t\t\t<div class=\"elementor-widget-wrap elementor-element-populated\">\n\t\t\t\t\t\t<div class=\"elementor-element elementor-element-5c0ad35 elementor-widget elementor-widget-image\" data-id=\"5c0ad35\" data-element_type=\"widget\" data-widget_type=\"image.default\">\n\t\t\t\t<div class=\"elementor-widget-container\">\n\t\t\t\t\t\t\t\t\t\t\t\t\t\t\t<img loading=\"lazy\" decoding=\"async\" width=\"93\" height=\"93\" src=\"https:\/\/www.iafe.uba.ar\/en\/wp-content\/uploads\/2024\/12\/eiroa.png\" class=\"attachment-thumbnail size-thumbnail wp-image-3128\" alt=\"\" \/>\t\t\t\t\t\t\t\t\t\t\t\t\t\t\t<\/div>\n\t\t\t\t<\/div>\n\t\t\t\t<div class=\"elementor-element elementor-element-312dbba elementor-widget elementor-widget-heading\" data-id=\"312dbba\" data-element_type=\"widget\" data-widget_type=\"heading.default\">\n\t\t\t\t<div class=\"elementor-widget-container\">\n\t\t\t\t\t<h3 class=\"elementor-heading-title elementor-size-default\">Dr. Ernesto Eiroa<\/h3>\t\t\t\t<\/div>\n\t\t\t\t<\/div>\n\t\t\t\t\t<\/div>\n\t\t<\/div>\n\t\t\t\t<div class=\"elementor-column elementor-col-20 elementor-inner-column elementor-element elementor-element-98ec844\" data-id=\"98ec844\" data-element_type=\"column\">\n\t\t\t<div class=\"elementor-widget-wrap elementor-element-populated\">\n\t\t\t\t\t\t<div class=\"elementor-element elementor-element-e63f096 elementor-widget elementor-widget-image\" data-id=\"e63f096\" data-element_type=\"widget\" data-widget_type=\"image.default\">\n\t\t\t\t<div class=\"elementor-widget-container\">\n\t\t\t\t\t\t\t\t\t\t\t\t\t\t\t<img loading=\"lazy\" decoding=\"async\" width=\"150\" height=\"150\" src=\"https:\/\/www.iafe.uba.ar\/en\/wp-content\/uploads\/2019\/12\/Franco-150x150.png\" class=\"attachment-thumbnail size-thumbnail wp-image-2766\" alt=\"\" srcset=\"https:\/\/www.iafe.uba.ar\/en\/wp-content\/uploads\/2019\/12\/Franco-150x150.png 150w, https:\/\/www.iafe.uba.ar\/en\/wp-content\/uploads\/2019\/12\/Franco.png 200w\" sizes=\"(max-width: 150px) 100vw, 150px\" \/>\t\t\t\t\t\t\t\t\t\t\t\t\t\t\t<\/div>\n\t\t\t\t<\/div>\n\t\t\t\t<div class=\"elementor-element elementor-element-8788b3f elementor-widget elementor-widget-heading\" data-id=\"8788b3f\" data-element_type=\"widget\" data-widget_type=\"heading.default\">\n\t\t\t\t<div class=\"elementor-widget-container\">\n\t\t\t\t\t<h3 class=\"elementor-heading-title elementor-size-default\">Dr. Mariano Franco<\/h3>\t\t\t\t<\/div>\n\t\t\t\t<\/div>\n\t\t\t\t\t<\/div>\n\t\t<\/div>\n\t\t\t\t\t<\/div>\n\t\t<\/section>\n\t\t\t\t<section class=\"elementor-section elementor-inner-section elementor-element elementor-element-c8700c3 elementor-section-full_width elementor-section-height-default elementor-section-height-default\" data-id=\"c8700c3\" data-element_type=\"section\">\n\t\t\t\t\t\t<div class=\"elementor-container elementor-column-gap-default\">\n\t\t\t\t\t<div class=\"elementor-column elementor-col-20 elementor-inner-column elementor-element elementor-element-afc4ad9\" data-id=\"afc4ad9\" data-element_type=\"column\">\n\t\t\t<div class=\"elementor-widget-wrap elementor-element-populated\">\n\t\t\t\t\t\t<div class=\"elementor-element elementor-element-b6d65ff elementor-widget elementor-widget-image\" data-id=\"b6d65ff\" data-element_type=\"widget\" data-widget_type=\"image.default\">\n\t\t\t\t<div class=\"elementor-widget-container\">\n\t\t\t\t\t\t\t\t\t\t\t\t\t\t\t<img loading=\"lazy\" decoding=\"async\" width=\"94\" height=\"120\" src=\"https:\/\/www.iafe.uba.ar\/en\/wp-content\/uploads\/2019\/12\/marques-3.jpg\" class=\"attachment-thumbnail size-thumbnail wp-image-1386\" alt=\"\" \/>\t\t\t\t\t\t\t\t\t\t\t\t\t\t\t<\/div>\n\t\t\t\t<\/div>\n\t\t\t\t<div class=\"elementor-element elementor-element-c0b13fc elementor-widget elementor-widget-heading\" data-id=\"c0b13fc\" data-element_type=\"widget\" data-widget_type=\"heading.default\">\n\t\t\t\t<div class=\"elementor-widget-container\">\n\t\t\t\t\t<h3 class=\"elementor-heading-title elementor-size-default\">Dr. Diego Marqu\u00e9s<\/h3>\t\t\t\t<\/div>\n\t\t\t\t<\/div>\n\t\t\t\t\t<\/div>\n\t\t<\/div>\n\t\t\t\t<div class=\"elementor-column elementor-col-20 elementor-inner-column elementor-element elementor-element-4bb5980\" data-id=\"4bb5980\" data-element_type=\"column\">\n\t\t\t<div class=\"elementor-widget-wrap elementor-element-populated\">\n\t\t\t\t\t\t<div class=\"elementor-element elementor-element-3620857 elementor-widget elementor-widget-image\" data-id=\"3620857\" data-element_type=\"widget\" data-widget_type=\"image.default\">\n\t\t\t\t<div class=\"elementor-widget-container\">\n\t\t\t\t\t\t\t\t\t\t\t\t\t\t\t<img loading=\"lazy\" decoding=\"async\" width=\"150\" height=\"150\" src=\"https:\/\/www.iafe.uba.ar\/en\/wp-content\/uploads\/2024\/12\/pelliza-150x150.png\" class=\"attachment-thumbnail size-thumbnail wp-image-3130\" alt=\"\" srcset=\"https:\/\/www.iafe.uba.ar\/en\/wp-content\/uploads\/2024\/12\/pelliza-150x150.png 150w, https:\/\/www.iafe.uba.ar\/en\/wp-content\/uploads\/2024\/12\/pelliza.png 200w\" sizes=\"(max-width: 150px) 100vw, 150px\" \/>\t\t\t\t\t\t\t\t\t\t\t\t\t\t\t<\/div>\n\t\t\t\t<\/div>\n\t\t\t\t<div class=\"elementor-element elementor-element-7ded580 elementor-widget elementor-widget-heading\" data-id=\"7ded580\" data-element_type=\"widget\" data-widget_type=\"heading.default\">\n\t\t\t\t<div class=\"elementor-widget-container\">\n\t\t\t\t\t<h3 class=\"elementor-heading-title elementor-size-default\">Dr. Leonardo Pellizza<\/h3>\t\t\t\t<\/div>\n\t\t\t\t<\/div>\n\t\t\t\t\t<\/div>\n\t\t<\/div>\n\t\t\t\t<div class=\"elementor-column elementor-col-20 elementor-inner-column elementor-element elementor-element-a6cd6fd\" data-id=\"a6cd6fd\" data-element_type=\"column\">\n\t\t\t<div class=\"elementor-widget-wrap elementor-element-populated\">\n\t\t\t\t\t\t<div class=\"elementor-element elementor-element-0c3043a elementor-widget elementor-widget-image\" data-id=\"0c3043a\" data-element_type=\"widget\" data-widget_type=\"image.default\">\n\t\t\t\t<div class=\"elementor-widget-container\">\n\t\t\t\t\t\t\t\t\t\t\t\t\t\t\t<img loading=\"lazy\" decoding=\"async\" width=\"150\" height=\"150\" src=\"https:\/\/www.iafe.uba.ar\/en\/wp-content\/uploads\/2024\/12\/pedrosa-150x150.png\" class=\"attachment-thumbnail size-thumbnail wp-image-3129\" alt=\"\" srcset=\"https:\/\/www.iafe.uba.ar\/en\/wp-content\/uploads\/2024\/12\/pedrosa-150x150.png 150w, https:\/\/www.iafe.uba.ar\/en\/wp-content\/uploads\/2024\/12\/pedrosa.png 200w\" sizes=\"(max-width: 150px) 100vw, 150px\" \/>\t\t\t\t\t\t\t\t\t\t\t\t\t\t\t<\/div>\n\t\t\t\t<\/div>\n\t\t\t\t<div class=\"elementor-element elementor-element-6cde7d8 elementor-widget elementor-widget-heading\" data-id=\"6cde7d8\" data-element_type=\"widget\" data-widget_type=\"heading.default\">\n\t\t\t\t<div class=\"elementor-widget-container\">\n\t\t\t\t\t<h3 class=\"elementor-heading-title elementor-size-default\">\nDra. Susana Pedrosa\n<\/h3>\t\t\t\t<\/div>\n\t\t\t\t<\/div>\n\t\t\t\t\t<\/div>\n\t\t<\/div>\n\t\t\t\t<div class=\"elementor-column elementor-col-20 elementor-inner-column elementor-element elementor-element-4c034a4\" data-id=\"4c034a4\" data-element_type=\"column\">\n\t\t\t<div class=\"elementor-widget-wrap elementor-element-populated\">\n\t\t\t\t\t\t<div class=\"elementor-element elementor-element-787fe71 elementor-widget elementor-widget-image\" data-id=\"787fe71\" data-element_type=\"widget\" data-widget_type=\"image.default\">\n\t\t\t\t<div class=\"elementor-widget-container\">\n\t\t\t\t\t\t\t\t\t\t\t\t\t\t\t<img loading=\"lazy\" decoding=\"async\" width=\"150\" height=\"150\" src=\"https:\/\/www.iafe.uba.ar\/en\/wp-content\/uploads\/2024\/12\/PERNA-150x150-1.jpg\" class=\"attachment-thumbnail size-thumbnail wp-image-3132\" alt=\"\" \/>\t\t\t\t\t\t\t\t\t\t\t\t\t\t\t<\/div>\n\t\t\t\t<\/div>\n\t\t\t\t<div class=\"elementor-element elementor-element-2066d02 elementor-widget elementor-widget-heading\" data-id=\"2066d02\" data-element_type=\"widget\" data-widget_type=\"heading.default\">\n\t\t\t\t<div class=\"elementor-widget-container\">\n\t\t\t\t\t<h3 class=\"elementor-heading-title elementor-size-default\">Lic. Pablo Perna<\/h3>\t\t\t\t<\/div>\n\t\t\t\t<\/div>\n\t\t\t\t\t<\/div>\n\t\t<\/div>\n\t\t\t\t<div class=\"elementor-column elementor-col-20 elementor-inner-column elementor-element elementor-element-c3d3b13\" data-id=\"c3d3b13\" data-element_type=\"column\">\n\t\t\t<div class=\"elementor-widget-wrap elementor-element-populated\">\n\t\t\t\t\t\t<div class=\"elementor-element elementor-element-9b6396f elementor-widget elementor-widget-image\" data-id=\"9b6396f\" data-element_type=\"widget\" data-widget_type=\"image.default\">\n\t\t\t\t<div class=\"elementor-widget-container\">\n\t\t\t\t\t\t\t\t\t\t\t\t\t\t\t<img loading=\"lazy\" decoding=\"async\" width=\"97\" height=\"120\" src=\"https:\/\/www.iafe.uba.ar\/en\/wp-content\/uploads\/2019\/11\/vieytes-e1573568060185.jpg\" class=\"attachment-large size-large wp-image-1203\" alt=\"\" \/>\t\t\t\t\t\t\t\t\t\t\t\t\t\t\t<\/div>\n\t\t\t\t<\/div>\n\t\t\t\t<div class=\"elementor-element elementor-element-f739bb5 elementor-widget elementor-widget-heading\" data-id=\"f739bb5\" data-element_type=\"widget\" data-widget_type=\"heading.default\">\n\t\t\t\t<div class=\"elementor-widget-container\">\n\t\t\t\t\t<h3 class=\"elementor-heading-title elementor-size-default\">Dra. Mariela Vieytes<\/h3>\t\t\t\t<\/div>\n\t\t\t\t<\/div>\n\t\t\t\t\t<\/div>\n\t\t<\/div>\n\t\t\t\t\t<\/div>\n\t\t<\/section>\n\t\t\t\t\t<\/div>\n\t\t<\/div>\n\t\t\t\t\t<\/div>\n\t\t<\/section>\n\t\t\t\t<\/div>\n\t\t","protected":false},"excerpt":{"rendered":"<p>Director Dr. Sergio Dasso Deputy Director Dr. Diego Arb\u00f3 Board of Directors: Dr. Diego Arb\u00f3 Dra. Cecilia Bejarano Lic. Yamila Burrafato Dr. Ernesto Eiroa Dr. Mariano Franco Dr. Diego Marqu\u00e9s Dr. Leonardo Pellizza Dra. Susana Pedrosa Lic. Pablo Perna Dra. Mariela Vieytes<\/p>\n","protected":false},"author":1,"featured_media":571,"parent":100,"menu_order":0,"comment_status":"closed","ping_status":"closed","template":"elementor_header_footer","meta":{"_acf_changed":false,"footnotes":""},"class_list":["post-91","page","type-page","status-publish","has-post-thumbnail","hentry"],"acf":[],"_links":{"self":[{"href":"https:\/\/www.iafe.uba.ar\/en\/wp-json\/wp\/v2\/pages\/91","targetHints":{"allow":["GET"]}}],"collection":[{"href":"https:\/\/www.iafe.uba.ar\/en\/wp-json\/wp\/v2\/pages"}],"about":[{"href":"https:\/\/www.iafe.uba.ar\/en\/wp-json\/wp\/v2\/types\/page"}],"author":[{"embeddable":true,"href":"https:\/\/www.iafe.uba.ar\/en\/wp-json\/wp\/v2\/users\/1"}],"replies":[{"embeddable":true,"href":"https:\/\/www.iafe.uba.ar\/en\/wp-json\/wp\/v2\/comments?post=91"}],"version-history":[{"count":2,"href":"https:\/\/www.iafe.uba.ar\/en\/wp-json\/wp\/v2\/pages\/91\/revisions"}],"predecessor-version":[{"id":3336,"href":"https:\/\/www.iafe.uba.ar\/en\/wp-json\/wp\/v2\/pages\/91\/revisions\/3336"}],"up":[{"embeddable":true,"href":"https:\/\/www.iafe.uba.ar\/en\/wp-json\/wp\/v2\/pages\/100"}],"wp:featuredmedia":[{"embeddable":true,"href":"https:\/\/www.iafe.uba.ar\/en\/wp-json\/wp\/v2\/media\/571"}],"wp:attachment":[{"href":"https:\/\/www.iafe.uba.ar\/en\/wp-json\/wp\/v2\/media?parent=91"}],"curies":[{"name":"wp","href":"https:\/\/api.w.org\/{rel}","templated":true}]}}