{"id":2207,"date":"2023-10-30T13:05:03","date_gmt":"2023-10-30T16:05:03","guid":{"rendered":"https:\/\/www.iafe.uba.ar\/en\/?page_id=2207"},"modified":"2024-10-01T20:25:41","modified_gmt":"2024-10-01T23:25:41","slug":"iafe-eventos","status":"publish","type":"page","link":"https:\/\/www.iafe.uba.ar\/en\/iafe-eventos\/","title":{"rendered":"Events"},"content":{"rendered":"\t\t<div data-elementor-type=\"wp-page\" data-elementor-id=\"2207\" class=\"elementor elementor-2207\" data-elementor-post-type=\"page\">\n\t\t\t\t<div class=\"elementor-element elementor-element-918d5d5 e-flex e-con-boxed e-con e-parent\" data-id=\"918d5d5\" data-element_type=\"container\" data-settings=\"{&quot;background_background&quot;:&quot;classic&quot;}\">\n\t\t\t\t\t<div class=\"e-con-inner\">\n\t\t\t\t<div class=\"elementor-element elementor-element-3b309aa elementor-widget elementor-widget-heading\" data-id=\"3b309aa\" data-element_type=\"widget\" data-widget_type=\"heading.default\">\n\t\t\t\t<div class=\"elementor-widget-container\">\n\t\t\t\t\t<h1 class=\"elementor-heading-title elementor-size-default\">Events<\/h1>\t\t\t\t<\/div>\n\t\t\t\t<\/div>\n\t\t\t\t\t<\/div>\n\t\t\t\t<\/div>\n\t\t<div class=\"elementor-element elementor-element-b53ad4e e-flex e-con-boxed e-con e-parent\" data-id=\"b53ad4e\" data-element_type=\"container\">\n\t\t\t\t\t<div class=\"e-con-inner\">\n\t\t\t\t<div class=\"elementor-element elementor-element-2dfe1f4 elementor-grid-4 elementor-grid-tablet-2 elementor-grid-mobile-1 elementor-posts--thumbnail-top elementor-card-shadow-yes elementor-posts__hover-gradient elementor-widget elementor-widget-posts\" data-id=\"2dfe1f4\" data-element_type=\"widget\" data-settings=\"{&quot;cards_columns&quot;:&quot;4&quot;,&quot;cards_columns_tablet&quot;:&quot;2&quot;,&quot;cards_columns_mobile&quot;:&quot;1&quot;,&quot;cards_row_gap&quot;:{&quot;unit&quot;:&quot;px&quot;,&quot;size&quot;:35,&quot;sizes&quot;:[]},&quot;cards_row_gap_tablet&quot;:{&quot;unit&quot;:&quot;px&quot;,&quot;size&quot;:&quot;&quot;,&quot;sizes&quot;:[]},&quot;cards_row_gap_mobile&quot;:{&quot;unit&quot;:&quot;px&quot;,&quot;size&quot;:&quot;&quot;,&quot;sizes&quot;:[]}}\" data-widget_type=\"posts.cards\">\n\t\t\t\t<div class=\"elementor-widget-container\">\n\t\t\t\t\t\t\t<div class=\"elementor-posts-container elementor-posts elementor-posts--skin-cards elementor-grid\" role=\"list\">\n\t\t\t\t<article class=\"elementor-post elementor-grid-item post-3290 eventos type-eventos status-publish hentry evento-para-investigadores\" role=\"listitem\">\n\t\t\t<div class=\"elementor-post__card\">\n\t\t\t\t<div class=\"elementor-post__text\">\n\t\t\t\t<h3 class=\"elementor-post__title\">\n\t\t\t<a href=\"https:\/\/www.iafe.uba.ar\/en\/eventos\/mario-diaz-el-proyecto-toros-las-tribulaciones-de-una-odisea-argentino-americana-21-de-mayo-2025\/\" >\n\t\t\t\tMario D\u00edaz | El proyecto TOROS: las tribulaciones de una odisea Argentino-Americana | 21 de mayo 2025\t\t\t<\/a>\n\t\t<\/h3>\n\t\t\t\t<div class=\"elementor-post__excerpt\">\n\t\t\t<p>El proyecto TOROS: las tribulaciones de una odisea Argentino-Americana Mario D\u00edazDepartment of Physics and Astronomy, The University of Texas Rio Grande Valley El proyecto TOROS<\/p>\n\t\t<\/div>\n\t\t\n\t\t<a class=\"elementor-post__read-more\" href=\"https:\/\/www.iafe.uba.ar\/en\/eventos\/mario-diaz-el-proyecto-toros-las-tribulaciones-de-una-odisea-argentino-americana-21-de-mayo-2025\/\" aria-label=\"Read more about Mario D\u00edaz | El proyecto TOROS: las tribulaciones de una odisea Argentino-Americana | 21 de mayo 2025\" tabindex=\"-1\" >\n\t\t\tLeer art\u00edculo\t\t<\/a>\n\n\t\t\t\t<\/div>\n\t\t\t\t<div class=\"elementor-post__meta-data\">\n\t\t\t\t\t<span class=\"elementor-post-date\">\n\t\t\t21 mayo, 2025\t\t<\/span>\n\t\t\t\t<\/div>\n\t\t\t\t\t<\/div>\n\t\t<\/article>\n\t\t\t\t<article class=\"elementor-post elementor-grid-item post-2889 eventos type-eventos status-publish hentry evento-para-investigadores\" role=\"listitem\">\n\t\t\t<div class=\"elementor-post__card\">\n\t\t\t\t<div class=\"elementor-post__text\">\n\t\t\t\t<h3 class=\"elementor-post__title\">\n\t\t\t<a href=\"https:\/\/www.iafe.uba.ar\/en\/eventos\/exploracion-del-cielo-galactico-de-rayos-gamma-con-h-e-s-s\/\" >\n\t\t\t\tColloquium 2024-08-28 Exploraci\u00f3n del cielo gal\u00e1ctico de rayos gamma con H.E.S.S.\t\t\t<\/a>\n\t\t<\/h3>\n\t\t\t\t<div class=\"elementor-post__excerpt\">\n\t\t\t<p>El experimento High Energy Stereoscopic System (H.E.S.S.) tiene por objetivo explorar el Universo detectando rayos gamma de muy alta energ\u00eda (E &gt; 50 GeV), radiaci\u00f3n<\/p>\n\t\t<\/div>\n\t\t\n\t\t<a class=\"elementor-post__read-more\" href=\"https:\/\/www.iafe.uba.ar\/en\/eventos\/exploracion-del-cielo-galactico-de-rayos-gamma-con-h-e-s-s\/\" aria-label=\"Read more about Colloquium 2024-08-28 Exploraci\u00f3n del cielo gal\u00e1ctico de rayos gamma con H.E.S.S.\" tabindex=\"-1\" >\n\t\t\tLeer art\u00edculo\t\t<\/a>\n\n\t\t\t\t<\/div>\n\t\t\t\t<div class=\"elementor-post__meta-data\">\n\t\t\t\t\t<span class=\"elementor-post-date\">\n\t\t\t1 septiembre, 2024\t\t<\/span>\n\t\t\t\t<\/div>\n\t\t\t\t\t<\/div>\n\t\t<\/article>\n\t\t\t\t<article class=\"elementor-post elementor-grid-item post-2883 eventos type-eventos status-publish hentry evento-para-investigadores\" role=\"listitem\">\n\t\t\t<div class=\"elementor-post__card\">\n\t\t\t\t<div class=\"elementor-post__text\">\n\t\t\t\t<h3 class=\"elementor-post__title\">\n\t\t\t<a href=\"https:\/\/www.iafe.uba.ar\/en\/eventos\/remanentes-de-supernova-simulando-su-evolucion-y-emision\/\" >\n\t\t\t\tColloquium 2024-08-07 Remanentes de supernova: simulando su evoluci\u00f3n y emisi\u00f3n\t\t\t<\/a>\n\t\t<\/h3>\n\t\t\t\t<div class=\"elementor-post__excerpt\">\n\t\t\t<p>La explosi\u00f3n de una supernova (SN) es uno de los eventos m\u00e1s energ\u00e9ticos de la naturaleza. En cuesti\u00f3n de segundos energ\u00edas del orden de 1e51<\/p>\n\t\t<\/div>\n\t\t\n\t\t<a class=\"elementor-post__read-more\" href=\"https:\/\/www.iafe.uba.ar\/en\/eventos\/remanentes-de-supernova-simulando-su-evolucion-y-emision\/\" aria-label=\"Read more about Colloquium 2024-08-07 Remanentes de supernova: simulando su evoluci\u00f3n y emisi\u00f3n\" tabindex=\"-1\" >\n\t\t\tLeer art\u00edculo\t\t<\/a>\n\n\t\t\t\t<\/div>\n\t\t\t\t<div class=\"elementor-post__meta-data\">\n\t\t\t\t\t<span class=\"elementor-post-date\">\n\t\t\t1 agosto, 2024\t\t<\/span>\n\t\t\t\t<\/div>\n\t\t\t\t\t<\/div>\n\t\t<\/article>\n\t\t\t\t<article class=\"elementor-post elementor-grid-item post-2877 eventos type-eventos status-publish hentry evento-para-investigadores\" role=\"listitem\">\n\t\t\t<div class=\"elementor-post__card\">\n\t\t\t\t<div class=\"elementor-post__text\">\n\t\t\t\t<h3 class=\"elementor-post__title\">\n\t\t\t<a href=\"https:\/\/www.iafe.uba.ar\/en\/eventos\/caracterizacion-y-modelado-de-la-emergencia-de-flujo-magnetico-solar-de-regiones-activas\/\" >\n\t\t\t\tColloquium 2024-07-03 Caracterizaci\u00f3n y modelado de la emergencia de flujo magn\u00e9tico solar de regiones activas\t\t\t<\/a>\n\t\t<\/h3>\n\t\t\t\t<div class=\"elementor-post__excerpt\">\n\t\t\t<p>Las regiones activas (RAs) son la manifestaci\u00f3n fotosf\u00e9rica de la emergencia de cuerdas de flujo (CFs) magn\u00e9tico formadas en el interior solar. El estudio de<\/p>\n\t\t<\/div>\n\t\t\n\t\t<a class=\"elementor-post__read-more\" href=\"https:\/\/www.iafe.uba.ar\/en\/eventos\/caracterizacion-y-modelado-de-la-emergencia-de-flujo-magnetico-solar-de-regiones-activas\/\" aria-label=\"Read more about Colloquium 2024-07-03 Caracterizaci\u00f3n y modelado de la emergencia de flujo magn\u00e9tico solar de regiones activas\" tabindex=\"-1\" >\n\t\t\tLeer art\u00edculo\t\t<\/a>\n\n\t\t\t\t<\/div>\n\t\t\t\t<div class=\"elementor-post__meta-data\">\n\t\t\t\t\t<span class=\"elementor-post-date\">\n\t\t\t1 julio, 2024\t\t<\/span>\n\t\t\t\t<\/div>\n\t\t\t\t\t<\/div>\n\t\t<\/article>\n\t\t\t\t<article class=\"elementor-post elementor-grid-item post-2871 eventos type-eventos status-publish hentry evento-para-investigadores\" role=\"listitem\">\n\t\t\t<div class=\"elementor-post__card\">\n\t\t\t\t<div class=\"elementor-post__text\">\n\t\t\t\t<h3 class=\"elementor-post__title\">\n\t\t\t<a href=\"https:\/\/www.iafe.uba.ar\/en\/eventos\/el-camino-chino-hacia-la-fusion\/\" >\n\t\t\t\tColloquium 2024-06-26 El camino chino hacia la fusi\u00f3n\t\t\t<\/a>\n\t\t<\/h3>\n\t\t\t\t<div class=\"elementor-post__excerpt\">\n\t\t\t<p>China se ha posicionado como un l\u00edder emergente en el desarrollo de la fusi\u00f3n termonuclear, una tecnolog\u00eda que promete revolucionar el suministro energ\u00e9tico global con<\/p>\n\t\t<\/div>\n\t\t\n\t\t<a class=\"elementor-post__read-more\" href=\"https:\/\/www.iafe.uba.ar\/en\/eventos\/el-camino-chino-hacia-la-fusion\/\" aria-label=\"Read more about Colloquium 2024-06-26 El camino chino hacia la fusi\u00f3n\" tabindex=\"-1\" >\n\t\t\tLeer art\u00edculo\t\t<\/a>\n\n\t\t\t\t<\/div>\n\t\t\t\t<div class=\"elementor-post__meta-data\">\n\t\t\t\t\t<span class=\"elementor-post-date\">\n\t\t\t1 junio, 2024\t\t<\/span>\n\t\t\t\t<\/div>\n\t\t\t\t\t<\/div>\n\t\t<\/article>\n\t\t\t\t<article class=\"elementor-post elementor-grid-item post-2865 eventos type-eventos status-publish hentry evento-para-investigadores\" role=\"listitem\">\n\t\t\t<div class=\"elementor-post__card\">\n\t\t\t\t<div class=\"elementor-post__text\">\n\t\t\t\t<h3 class=\"elementor-post__title\">\n\t\t\t<a href=\"https:\/\/www.iafe.uba.ar\/en\/eventos\/formacion-estelar-de-alta-masa-perspectivas-a-pequena-escala-espacial\/\" >\n\t\t\t\tColloquium 2024-06-05 High-mass star formation: perspectives on small spatial scales\t\t\t<\/a>\n\t\t<\/h3>\n\t\t\t\t<div class=\"elementor-post__excerpt\">\n\t\t\t<p>High-mass stars form inside molecular clouds, cold and dense regions. These stars physically and chemically modify the interstellar medium that surrounds them; this interaction determines<\/p>\n\t\t<\/div>\n\t\t\n\t\t<a class=\"elementor-post__read-more\" href=\"https:\/\/www.iafe.uba.ar\/en\/eventos\/formacion-estelar-de-alta-masa-perspectivas-a-pequena-escala-espacial\/\" aria-label=\"Read more about Colloquium 2024-06-05 High-mass star formation: perspectives on small spatial scales\" tabindex=\"-1\" >\n\t\t\tLeer art\u00edculo\t\t<\/a>\n\n\t\t\t\t<\/div>\n\t\t\t\t<div class=\"elementor-post__meta-data\">\n\t\t\t\t\t<span class=\"elementor-post-date\">\n\t\t\t1 junio, 2024\t\t<\/span>\n\t\t\t\t<\/div>\n\t\t\t\t\t<\/div>\n\t\t<\/article>\n\t\t\t\t<\/div>\n\t\t\n\t\t\t\t\t\t<\/div>\n\t\t\t\t<\/div>\n\t\t\t\t\t<\/div>\n\t\t\t\t<\/div>\n\t\t\t\t<\/div>\n\t\t","protected":false},"excerpt":{"rendered":"<p>Events<\/p>\n","protected":false},"author":1,"featured_media":0,"parent":0,"menu_order":0,"comment_status":"closed","ping_status":"closed","template":"elementor_header_footer","meta":{"_acf_changed":false,"footnotes":""},"class_list":["post-2207","page","type-page","status-publish","hentry"],"acf":[],"_links":{"self":[{"href":"https:\/\/www.iafe.uba.ar\/en\/wp-json\/wp\/v2\/pages\/2207","targetHints":{"allow":["GET"]}}],"collection":[{"href":"https:\/\/www.iafe.uba.ar\/en\/wp-json\/wp\/v2\/pages"}],"about":[{"href":"https:\/\/www.iafe.uba.ar\/en\/wp-json\/wp\/v2\/types\/page"}],"author":[{"embeddable":true,"href":"https:\/\/www.iafe.uba.ar\/en\/wp-json\/wp\/v2\/users\/1"}],"replies":[{"embeddable":true,"href":"https:\/\/www.iafe.uba.ar\/en\/wp-json\/wp\/v2\/comments?post=2207"}],"version-history":[{"count":0,"href":"https:\/\/www.iafe.uba.ar\/en\/wp-json\/wp\/v2\/pages\/2207\/revisions"}],"wp:attachment":[{"href":"https:\/\/www.iafe.uba.ar\/en\/wp-json\/wp\/v2\/media?parent=2207"}],"curies":[{"name":"wp","href":"https:\/\/api.w.org\/{rel}","templated":true}]}}